{"id":9431,"date":"2023-10-09T20:55:27","date_gmt":"2023-10-09T20:55:27","guid":{"rendered":"https:\/\/thesouthtexan.com\/?page_id=9431"},"modified":"2023-10-10T18:16:48","modified_gmt":"2023-10-10T18:16:48","slug":"spanish","status":"publish","type":"page","link":"https:\/\/thesouthtexan.com\/index.php\/spanish\/","title":{"rendered":"Spanish"},"content":{"rendered":"\t\t<div data-elementor-type=\"wp-page\" data-elementor-id=\"9431\" class=\"elementor elementor-9431\">\n\t\t\t\t\t\t<section class=\"elementor-section elementor-top-section elementor-element elementor-element-116e96f elementor-section-boxed elementor-section-height-default elementor-section-height-default\" data-id=\"116e96f\" data-element_type=\"section\" data-e-type=\"section\">\n\t\t\t\t\t\t<div class=\"elementor-container elementor-column-gap-default\">\n\t\t\t\t\t<div class=\"elementor-column elementor-col-100 elementor-top-column elementor-element elementor-element-b86044a\" data-id=\"b86044a\" data-element_type=\"column\" data-e-type=\"column\">\n\t\t\t<div class=\"elementor-widget-wrap elementor-element-populated\">\n\t\t\t\t\t\t<div class=\"elementor-element elementor-element-074d599 elementor-widget elementor-widget-void-post-grid\" data-id=\"074d599\" data-element_type=\"widget\" data-e-type=\"widget\" data-widget_type=\"void-post-grid.default\">\n\t\t\t\t<div class=\"elementor-widget-container\">\n\t\t\t\t\t<div class=\"void-elementor-post-grid-wrapper\">            <div class=\"void-Container standard\">\n            <!-- turn on filter section if it's on in settings. this section needs extra markup -->\n                        <!-- only this div will show if there was no filter -->\n                <div class=\"void-row\">\n            <div class=\"void-col-md-6 \" data-groups=''>\n    <div class=\"void-post-grid void-grid void-grid-1 \">\n\t\t\t\t\t<div class=\"post-img\">\n\t\t\t\t<a href=\"https:\/\/thesouthtexan.com\/index.php\/2024\/11\/07\/renovaciones-completas-tercer-piso-de-la-biblioteca-jernigan-renovada\/\">\n\t\t\t\t<img fetchpriority=\"high\" decoding=\"async\" width=\"500\" height=\"400\" src=\"https:\/\/thesouthtexan.com\/wp-content\/uploads\/2024\/11\/study_spaces_07.png\" class=\"img-responsive wp-post-image\" alt=\"study_spaces_07\" srcset=\"https:\/\/thesouthtexan.com\/wp-content\/uploads\/2024\/11\/study_spaces_07.png 500w, https:\/\/thesouthtexan.com\/wp-content\/uploads\/2024\/11\/study_spaces_07-300x240.png 300w, https:\/\/thesouthtexan.com\/wp-content\/uploads\/2024\/11\/study_spaces_07-12x10.png 12w, https:\/\/thesouthtexan.com\/wp-content\/uploads\/2024\/11\/study_spaces_07-24x19.png 24w, https:\/\/thesouthtexan.com\/wp-content\/uploads\/2024\/11\/study_spaces_07-36x29.png 36w, https:\/\/thesouthtexan.com\/wp-content\/uploads\/2024\/11\/study_spaces_07-350x280.png 350w\" sizes=\"(max-width: 500px) 100vw, 500px\" \/>\t\t\t\t<\/a>\n\t\t\t<\/div><!--.post-img-->\n\t\t\n        <!--.post-img-->\n        <div class=\"post-info\">\n\t\t\t<h2 class=\"entry-title\"><a href=\"https:\/\/thesouthtexan.com\/index.php\/2024\/11\/07\/renovaciones-completas-tercer-piso-de-la-biblioteca-jernigan-renovada\/\">Renovaciones Completas: Tercer piso de la biblioteca Jernigan renovada<\/a><\/h2>\t\t\t\t\t\t\t<div class=\"entry-meta\">\n\t\t\t\t\t<span class=\"posted-on\"><a href=\"https:\/\/thesouthtexan.com\/index.php\/2024\/11\/07\/renovaciones-completas-tercer-piso-de-la-biblioteca-jernigan-renovada\/\"><i class=\"fas fa-edit\"><\/i> <time class=\"entry-date published\" datetime=\"2024-11-07T16:21:02+00:00\">November 7, 2024<\/time><\/a><\/span><span class=\"updated-on\"><a href=\"https:\/\/thesouthtexan.com\/index.php\/2024\/11\/07\/renovaciones-completas-tercer-piso-de-la-biblioteca-jernigan-renovada\/\"><i class=\"fas fa-paper-plane\"><\/i> <time class=\"entry-date updated-at\" datetime=\"2024-11-07T16:28:30+00:00\">November 7, 2024<\/time><\/a><\/span><span class=\"byline\"> <span class=\"author vcard\"><a href=\"https:\/\/thesouthtexan.com\/index.php\/author\/litzy-cedillo\/\"><i class=\"fas fa-user\"><\/i>Litzy Cedillo<\/a><\/span><\/span><span class=\"cat-links\"> <a href=\"https:\/\/thesouthtexan.com\/index.php\/category\/campus\/\" rel=\"category tag\">Campus<\/a>, <a href=\"https:\/\/thesouthtexan.com\/index.php\/category\/en-espanol\/\" rel=\"category tag\">En espa\u00f1ol<\/a>, <a href=\"https:\/\/thesouthtexan.com\/index.php\/category\/spanish\/\" rel=\"category tag\">Spanish<\/a> <\/span>\t\t\t\t<\/div><!-- .entry-meta -->\n\t\t\t\t<div class=\"blog-excerpt\">\n\t\t\t\t\t<p>En todas las instalaciones, los estudiantes buscaban un \u00e1rea donde pudieran pasar el rato entre clases. \u00c1reas como el SUB, los pasillos de Manning y&hellip; <\/p>\n\t\t\t\t<\/div><!--.blog-excerpt-->\t\t\t\t\n\t\t\t\n        <\/div>\n        <!--.post-info-->\n    <\/div>\n<\/div><div class=\"void-col-md-6 \" data-groups=''>\n    <div class=\"void-post-grid void-grid void-grid-1 \">\n\t\t\t\t\t<div class=\"post-img\">\n\t\t\t\t<a href=\"https:\/\/thesouthtexan.com\/index.php\/2024\/11\/07\/orgullo-pasion-musica-un-nuevo-ano-trae-nuevas-actuaciones-musicales\/\">\n\t\t\t\t<img decoding=\"async\" width=\"790\" height=\"528\" src=\"https:\/\/thesouthtexan.com\/wp-content\/uploads\/2024\/09\/DSC_7179-1024x684.jpg\" class=\"img-responsive wp-post-image\" alt=\"DSC_7179\" srcset=\"https:\/\/thesouthtexan.com\/wp-content\/uploads\/2024\/09\/DSC_7179-1024x684.jpg 1024w, https:\/\/thesouthtexan.com\/wp-content\/uploads\/2024\/09\/DSC_7179-300x201.jpg 300w, https:\/\/thesouthtexan.com\/wp-content\/uploads\/2024\/09\/DSC_7179-768x513.jpg 768w, https:\/\/thesouthtexan.com\/wp-content\/uploads\/2024\/09\/DSC_7179-1536x1027.jpg 1536w, https:\/\/thesouthtexan.com\/wp-content\/uploads\/2024\/09\/DSC_7179-2048x1369.jpg 2048w, https:\/\/thesouthtexan.com\/wp-content\/uploads\/2024\/09\/DSC_7179-12x8.jpg 12w, https:\/\/thesouthtexan.com\/wp-content\/uploads\/2024\/09\/DSC_7179-24x16.jpg 24w, https:\/\/thesouthtexan.com\/wp-content\/uploads\/2024\/09\/DSC_7179-36x24.jpg 36w, https:\/\/thesouthtexan.com\/wp-content\/uploads\/2024\/09\/DSC_7179-350x234.jpg 350w\" sizes=\"(max-width: 790px) 100vw, 790px\" \/>\t\t\t\t<\/a>\n\t\t\t<\/div><!--.post-img-->\n\t\t\n        <!--.post-img-->\n        <div class=\"post-info\">\n\t\t\t<h2 class=\"entry-title\"><a href=\"https:\/\/thesouthtexan.com\/index.php\/2024\/11\/07\/orgullo-pasion-musica-un-nuevo-ano-trae-nuevas-actuaciones-musicales\/\">Orgullo, Pasi\u00f3n, M\u00fasica: Un nuevo a\u00f1o trae nuevas actuaciones musicales<\/a><\/h2>\t\t\t\t\t\t\t<div class=\"entry-meta\">\n\t\t\t\t\t<span class=\"posted-on\"><a href=\"https:\/\/thesouthtexan.com\/index.php\/2024\/11\/07\/orgullo-pasion-musica-un-nuevo-ano-trae-nuevas-actuaciones-musicales\/\"><i class=\"fas fa-edit\"><\/i> <time class=\"entry-date published\" datetime=\"2024-11-07T14:40:41+00:00\">November 7, 2024<\/time><\/a><\/span><span class=\"updated-on\"><a href=\"https:\/\/thesouthtexan.com\/index.php\/2024\/11\/07\/orgullo-pasion-musica-un-nuevo-ano-trae-nuevas-actuaciones-musicales\/\"><i class=\"fas fa-paper-plane\"><\/i> <time class=\"entry-date updated-at\" datetime=\"2024-12-19T20:44:54+00:00\">December 19, 2024<\/time><\/a><\/span><span class=\"byline\"> <span class=\"author vcard\"><a href=\"https:\/\/thesouthtexan.com\/index.php\/author\/lizette-martinez\/\"><i class=\"fas fa-user\"><\/i>Lizette Mart\u00ednez<\/a><\/span><\/span><span class=\"cat-links\"> <a href=\"https:\/\/thesouthtexan.com\/index.php\/category\/campus\/\" rel=\"category tag\">Campus<\/a>, <a href=\"https:\/\/thesouthtexan.com\/index.php\/category\/en-espanol\/\" rel=\"category tag\">En espa\u00f1ol<\/a>, <a href=\"https:\/\/thesouthtexan.com\/index.php\/category\/spanish\/\" rel=\"category tag\">Spanish<\/a> <\/span>\t\t\t\t<\/div><!-- .entry-meta -->\n\t\t\t\t<div class=\"blog-excerpt\">\n\t\t\t\t\t<p>El orgullo de las Javelinas se deja notar con su nuevo espect\u00e1culo A Whole New World (en ingl\u00e9s) [un nuevo mundo]. La Banda de Marcha&hellip; <\/p>\n\t\t\t\t<\/div><!--.blog-excerpt-->\t\t\t\t\n\t\t\t\n        <\/div>\n        <!--.post-info-->\n    <\/div>\n<\/div>                        <!-- only this div will be closed if there is no filter -->\n                        <\/div>\n                                                    <div class=\"col-md-12\">\n                                <nav class='pagination wp-caption void-grid-nav'> \n                                <span aria-current=\"page\" class=\"page-numbers current\">1<\/span>\n<a class=\"page-numbers\" href=\"https:\/\/thesouthtexan.com\/index.php\/wp-json\/wp\/v2\/pages\/9431\/page\/2\/\">2<\/a>\n<a class=\"page-numbers\" href=\"https:\/\/thesouthtexan.com\/index.php\/wp-json\/wp\/v2\/pages\/9431\/page\/3\/\">3<\/a>\n<a class=\"page-numbers\" href=\"https:\/\/thesouthtexan.com\/index.php\/wp-json\/wp\/v2\/pages\/9431\/page\/4\/\">4<\/a>\n<span class=\"page-numbers dots\">&hellip;<\/span>\n<a class=\"page-numbers\" href=\"https:\/\/thesouthtexan.com\/index.php\/wp-json\/wp\/v2\/pages\/9431\/page\/6\/\">6<\/a>\n<a class=\"next page-numbers\" href=\"https:\/\/thesouthtexan.com\/index.php\/wp-json\/wp\/v2\/pages\/9431\/page\/2\/\">Next \u00bb<\/a>                                <\/nav>\n                            <\/div>\n                                    \n            \n                                    \n            <\/div>\n            \n            <\/div>\t\t\t\t<\/div>\n\t\t\t\t<\/div>\n\t\t\t\t\t<\/div>\n\t\t<\/div>\n\t\t\t\t\t<\/div>\n\t\t<\/section>\n\t\t\t\t<\/div>\n\t\t","protected":false},"excerpt":{"rendered":"<p>El Espa\u00f1ol Avanzado\u00a0 October 9, 2023 October 9, 2023 Mireya Martinez En espa\u00f1ol, Spanish Leave a Comment on El Espa\u00f1ol Avanzado\u00a0 Texas A&amp;M University-Kingsville tiene&hellip; <\/p>\n","protected":false},"author":21,"featured_media":0,"parent":0,"menu_order":0,"comment_status":"closed","ping_status":"closed","template":"","meta":{"nf_dc_page":"","_monsterinsights_skip_tracking":false,"_monsterinsights_sitenote_active":false,"_monsterinsights_sitenote_note":"","_monsterinsights_sitenote_category":0,"footnotes":""},"class_list":["post-9431","page","type-page","status-publish","hentry"],"aioseo_notices":[],"_links":{"self":[{"href":"https:\/\/thesouthtexan.com\/index.php\/wp-json\/wp\/v2\/pages\/9431","targetHints":{"allow":["GET"]}}],"collection":[{"href":"https:\/\/thesouthtexan.com\/index.php\/wp-json\/wp\/v2\/pages"}],"about":[{"href":"https:\/\/thesouthtexan.com\/index.php\/wp-json\/wp\/v2\/types\/page"}],"author":[{"embeddable":true,"href":"https:\/\/thesouthtexan.com\/index.php\/wp-json\/wp\/v2\/users\/21"}],"replies":[{"embeddable":true,"href":"https:\/\/thesouthtexan.com\/index.php\/wp-json\/wp\/v2\/comments?post=9431"}],"version-history":[{"count":7,"href":"https:\/\/thesouthtexan.com\/index.php\/wp-json\/wp\/v2\/pages\/9431\/revisions"}],"predecessor-version":[{"id":9457,"href":"https:\/\/thesouthtexan.com\/index.php\/wp-json\/wp\/v2\/pages\/9431\/revisions\/9457"}],"wp:attachment":[{"href":"https:\/\/thesouthtexan.com\/index.php\/wp-json\/wp\/v2\/media?parent=9431"}],"curies":[{"name":"wp","href":"https:\/\/api.w.org\/{rel}","templated":true}]}}